{"id":633,"date":"2025-02-23T22:57:52","date_gmt":"2025-02-23T22:57:52","guid":{"rendered":"http:\/\/globman.hostingasp.pl\/?page_id=633"},"modified":"2025-04-01T15:47:54","modified_gmt":"2025-04-01T15:47:54","slug":"flota","status":"publish","type":"page","link":"https:\/\/globman.pl\/?page_id=633","title":{"rendered":"Flota"},"content":{"rendered":"\t\t<div data-elementor-type=\"wp-page\" data-elementor-id=\"633\" class=\"elementor elementor-633\">\n\t\t\t\t<div class=\"elementor-element elementor-element-ad9facf e-flex e-con-boxed e-con e-parent\" data-id=\"ad9facf\" data-element_type=\"container\" data-settings=\"{&quot;background_background&quot;:&quot;classic&quot;}\">\n\t\t\t\t\t<div class=\"e-con-inner\">\n\t\t\t\t<div class=\"elementor-element elementor-element-7d8ffdb animated-slow elementor-invisible elementor-widget elementor-widget-heading\" data-id=\"7d8ffdb\" data-element_type=\"widget\" data-settings=\"{&quot;_animation&quot;:&quot;fadeIn&quot;,&quot;_animation_delay&quot;:200}\" data-widget_type=\"heading.default\">\n\t\t\t\t<div class=\"elementor-widget-container\">\n\t\t\t\t\t<h2 class=\"elementor-heading-title elementor-size-default\">FLOTA<\/h2>\t\t\t\t<\/div>\n\t\t\t\t<\/div>\n\t\t\t\t\t<\/div>\n\t\t\t\t<\/div>\n\t\t<div class=\"elementor-element elementor-element-f04514f e-flex e-con-boxed e-con e-parent\" data-id=\"f04514f\" data-element_type=\"container\">\n\t\t\t\t\t<div class=\"e-con-inner\">\n\t\t<div class=\"elementor-element elementor-element-ec92d1d e-flex e-con-boxed e-con e-child\" data-id=\"ec92d1d\" data-element_type=\"container\">\n\t\t\t\t\t<div class=\"e-con-inner\">\n\t\t\t\t<div class=\"elementor-element elementor-element-c643afb elementor-widget elementor-widget-heading\" data-id=\"c643afb\" data-element_type=\"widget\" data-widget_type=\"heading.default\">\n\t\t\t\t<div class=\"elementor-widget-container\">\n\t\t\t\t\t<h2 class=\"elementor-heading-title elementor-size-default\">Flota<\/h2>\t\t\t\t<\/div>\n\t\t\t\t<\/div>\n\t\t\t\t<div class=\"elementor-element elementor-element-32f6f03 elementor-widget-divider--view-line elementor-widget elementor-widget-divider\" data-id=\"32f6f03\" data-element_type=\"widget\" data-widget_type=\"divider.default\">\n\t\t\t\t<div class=\"elementor-widget-container\">\n\t\t\t\t\t\t\t<div class=\"elementor-divider\">\n\t\t\t<span class=\"elementor-divider-separator\">\n\t\t\t\t\t\t<\/span>\n\t\t<\/div>\n\t\t\t\t\t\t<\/div>\n\t\t\t\t<\/div>\n\t\t\t\t<div class=\"elementor-element elementor-element-911af0c elementor-widget elementor-widget-text-editor\" data-id=\"911af0c\" data-element_type=\"widget\" data-widget_type=\"text-editor.default\">\n\t\t\t\t<div class=\"elementor-widget-container\">\n\t\t\t\t\t\t\t\t\t<p>W sk\u0142ad naszej floty wchodz\u0105 naczepy typu mega ze zbrojonymi plandekami, sol\u00f3wki typu mega z wind\u0105 oraz busy. Wszystkie pojazdy spe\u0142niaj\u0105 normy emisji spalin Euro 6 oraz posiadaj\u0105 certyfikaty XL. Ka\u017cdy samoch\u00f3d jest wyposa\u017cony w urz\u0105dzenie GPS oraz w niezb\u0119dny osprz\u0119t do zabezpieczenia przewo\u017conych \u0142adunk\u00f3w tj.: pasy zabezpieczaj\u0105ce, naro\u017cniki, maty antypo\u015blizgowe, belki rozporowe i wiele innych. Nasze auta s\u0105 serwisowane w autoryzowanych serwisach samochod\u00f3w ci\u0119\u017carowych. Nasi kierowcy posiadaj\u0105 odpowiednie uprawnienia do transportu przesy\u0142ek lotniczych SPX oraz towar\u00f3w niebezpiecznych, a w sk\u0142ad naszego zespo\u0142u wchodzi r\u00f3wnie\u017c doradca ds. bezpiecze\u0144stwa w przewozie towar\u00f3w niebezpiecznych ADR, co gwarantuje kompleksow\u0105 obs\u0142ug\u0119 tego typu przesy\u0142ek.<\/p>\t\t\t\t\t\t\t\t<\/div>\n\t\t\t\t<\/div>\n\t\t\t\t\t<\/div>\n\t\t\t\t<\/div>\n\t\t\t\t\t<\/div>\n\t\t\t\t<\/div>\n\t\t\t\t<\/div>\n\t\t","protected":false},"excerpt":{"rendered":"<p>FLOTA Flota W sk\u0142ad naszej floty wchodz\u0105 naczepy typu mega ze zbrojonymi plandekami, sol\u00f3wki typu mega z wind\u0105 oraz busy. Wszystkie pojazdy spe\u0142niaj\u0105 normy emisji spalin Euro 6 oraz posiadaj\u0105 certyfikaty XL. Ka\u017cdy samoch\u00f3d jest wyposa\u017cony w urz\u0105dzenie GPS oraz w niezb\u0119dny osprz\u0119t do zabezpieczenia przewo\u017conych \u0142adunk\u00f3w tj.: pasy zabezpieczaj\u0105ce, naro\u017cniki, maty antypo\u015blizgowe, belki rozporowe&#8230;<\/p>\n","protected":false},"author":2,"featured_media":0,"parent":0,"menu_order":0,"comment_status":"closed","ping_status":"closed","template":"","meta":{"_kadence_starter_templates_imported_post":false,"_kad_post_transparent":"","_kad_post_title":"hide","_kad_post_layout":"fullwidth","_kad_post_sidebar_id":"","_kad_post_content_style":"unboxed","_kad_post_vertical_padding":"hide","_kad_post_feature":"hide","_kad_post_feature_position":"","_kad_post_header":false,"_kad_post_footer":false,"footnotes":""},"class_list":["post-633","page","type-page","status-publish","hentry"],"_links":{"self":[{"href":"https:\/\/globman.pl\/index.php?rest_route=\/wp\/v2\/pages\/633","targetHints":{"allow":["GET"]}}],"collection":[{"href":"https:\/\/globman.pl\/index.php?rest_route=\/wp\/v2\/pages"}],"about":[{"href":"https:\/\/globman.pl\/index.php?rest_route=\/wp\/v2\/types\/page"}],"author":[{"embeddable":true,"href":"https:\/\/globman.pl\/index.php?rest_route=\/wp\/v2\/users\/2"}],"replies":[{"embeddable":true,"href":"https:\/\/globman.pl\/index.php?rest_route=%2Fwp%2Fv2%2Fcomments&post=633"}],"version-history":[{"count":10,"href":"https:\/\/globman.pl\/index.php?rest_route=\/wp\/v2\/pages\/633\/revisions"}],"predecessor-version":[{"id":709,"href":"https:\/\/globman.pl\/index.php?rest_route=\/wp\/v2\/pages\/633\/revisions\/709"}],"wp:attachment":[{"href":"https:\/\/globman.pl\/index.php?rest_route=%2Fwp%2Fv2%2Fmedia&parent=633"}],"curies":[{"name":"wp","href":"https:\/\/api.w.org\/{rel}","templated":true}]}}