{"id":31,"date":"2024-06-02T10:31:25","date_gmt":"2024-06-02T10:31:25","guid":{"rendered":"http:\/\/globman.hostingasp.pl\/?page_id=31"},"modified":"2025-04-11T04:21:44","modified_gmt":"2025-04-11T04:21:44","slug":"kontakt","status":"publish","type":"page","link":"https:\/\/globman.pl\/?page_id=31","title":{"rendered":"Kontakt"},"content":{"rendered":"\t\t<div data-elementor-type=\"wp-page\" data-elementor-id=\"31\" class=\"elementor elementor-31\">\n\t\t\t\t<div class=\"elementor-element elementor-element-7d2d582a e-flex e-con-boxed e-con e-parent\" data-id=\"7d2d582a\" data-element_type=\"container\" data-settings=\"{&quot;background_background&quot;:&quot;classic&quot;}\">\n\t\t\t\t\t<div class=\"e-con-inner\">\n\t\t\t\t<div class=\"elementor-element elementor-element-56c4f20e animated-slow elementor-invisible elementor-widget elementor-widget-heading\" data-id=\"56c4f20e\" data-element_type=\"widget\" data-settings=\"{&quot;_animation&quot;:&quot;fadeIn&quot;,&quot;_animation_delay&quot;:200}\" data-widget_type=\"heading.default\">\n\t\t\t\t<div class=\"elementor-widget-container\">\n\t\t\t\t\t<h2 class=\"elementor-heading-title elementor-size-default\">KONTAKT<\/h2>\t\t\t\t<\/div>\n\t\t\t\t<\/div>\n\t\t\t\t\t<\/div>\n\t\t\t\t<\/div>\n\t\t<div class=\"elementor-element elementor-element-5141376 e-flex e-con-boxed e-con e-parent\" data-id=\"5141376\" data-element_type=\"container\">\n\t\t\t\t\t<div class=\"e-con-inner\">\n\t\t\t\t<div class=\"elementor-element elementor-element-fe5db20 elementor-widget elementor-widget-heading\" data-id=\"fe5db20\" data-element_type=\"widget\" data-widget_type=\"heading.default\">\n\t\t\t\t<div class=\"elementor-widget-container\">\n\t\t\t\t\t<h2 class=\"elementor-heading-title elementor-size-default\">Formularz kontaktowy<\/h2>\t\t\t\t<\/div>\n\t\t\t\t<\/div>\n\t\t\t\t<div class=\"elementor-element elementor-element-194c4e5 elementor-widget-divider--view-line elementor-widget elementor-widget-divider\" data-id=\"194c4e5\" data-element_type=\"widget\" data-widget_type=\"divider.default\">\n\t\t\t\t<div class=\"elementor-widget-container\">\n\t\t\t\t\t\t\t<div class=\"elementor-divider\">\n\t\t\t<span class=\"elementor-divider-separator\">\n\t\t\t\t\t\t<\/span>\n\t\t<\/div>\n\t\t\t\t\t\t<\/div>\n\t\t\t\t<\/div>\n\t\t\t\t\t<\/div>\n\t\t\t\t<\/div>\n\t\t<div class=\"elementor-element elementor-element-57f1ab6 e-flex e-con-boxed e-con e-parent\" data-id=\"57f1ab6\" data-element_type=\"container\">\n\t\t\t\t\t<div class=\"e-con-inner\">\n\t\t<div class=\"elementor-element elementor-element-4c81c17 e-con-full e-flex e-con e-child\" data-id=\"4c81c17\" data-element_type=\"container\">\n\t\t<div class=\"elementor-element elementor-element-ee632d8 e-grid e-con-full e-con e-child\" data-id=\"ee632d8\" data-element_type=\"container\">\n\t\t\t\t<div class=\"elementor-element elementor-element-8257fad elementor-widget elementor-widget-text-editor\" data-id=\"8257fad\" data-element_type=\"widget\" data-widget_type=\"text-editor.default\">\n\t\t\t\t<div class=\"elementor-widget-container\">\n\t\t\t\t\t\t\t\t\t<p><b>GLOBMAN Pawe\u0142 Skorupa<\/b><\/p><p><b>Warszawska 7 <\/b><b>32-086 W\u0119grzce<\/b><\/p><p><b>NIP: PL9451444732<\/b><\/p><p><b>Kontakt e-mail: <\/b><a href=\"mailto:transport@globman.pl\"><b>transport@globman.pl<\/b> <\/a><\/p>\t\t\t\t\t\t\t\t<\/div>\n\t\t\t\t<\/div>\n\t\t\t\t<\/div>\n\t\t\t\t<\/div>\n\t\t<div class=\"elementor-element elementor-element-8c19c72 e-con-full e-flex e-con e-child\" data-id=\"8c19c72\" data-element_type=\"container\">\n\t\t\t\t<div class=\"elementor-element elementor-element-5b7e690 elementor-widget elementor-widget-shortcode\" data-id=\"5b7e690\" data-element_type=\"widget\" data-widget_type=\"shortcode.default\">\n\t\t\t\t<div class=\"elementor-widget-container\">\n\t\t\t\t\t\t\t<div class=\"elementor-shortcode\"><div class=\"wpforms-container wpforms-container-full wpforms-render-modern\" id=\"wpforms-649\"><form id=\"wpforms-form-649\" class=\"wpforms-validate wpforms-form wpforms-ajax-form\" data-formid=\"649\" method=\"post\" enctype=\"multipart\/form-data\" action=\"\/index.php?rest_route=%2Fwp%2Fv2%2Fpages%2F31\" data-token=\"beafb54cb0363d2b67a122714b1ae37e\" data-token-time=\"1778069422\"><noscript class=\"wpforms-error-noscript\">Aby wype\u0142ni\u0107 ten formularz, w\u0142\u0105cz obs\u0142ug\u0119 JavaScript w przegl\u0105darce.<\/noscript><div class=\"wpforms-hidden\" id=\"wpforms-error-noscript\">Aby wype\u0142ni\u0107 ten formularz, w\u0142\u0105cz obs\u0142ug\u0119 JavaScript w przegl\u0105darce.<\/div><div class=\"wpforms-field-container\"><div id=\"wpforms-649-field_1-container\" class=\"wpforms-field wpforms-field-name\" data-field-id=\"1\"><fieldset><legend class=\"wpforms-field-label\">Imi\u0119 i nazwisko<\/legend><div class=\"wpforms-field-row wpforms-field-large\"><div class=\"wpforms-field-row-block wpforms-first wpforms-one-half\"><input type=\"text\" id=\"wpforms-649-field_1\" class=\"wpforms-field-name-first\" name=\"wpforms[fields][1][first]\" placeholder=\"Imi\u0119\" aria-errormessage=\"wpforms-649-field_1-error\" ><label for=\"wpforms-649-field_1\" class=\"wpforms-field-sublabel after\">Imi\u0119<\/label><\/div><div class=\"wpforms-field-row-block wpforms-one-half\"><input type=\"text\" id=\"wpforms-649-field_1-last\" class=\"wpforms-field-name-last\" name=\"wpforms[fields][1][last]\" placeholder=\"Nazwisko\" aria-errormessage=\"wpforms-649-field_1-last-error\" ><label for=\"wpforms-649-field_1-last\" class=\"wpforms-field-sublabel after\">Nazwisko<\/label><\/div><\/div><\/fieldset><\/div><div id=\"wpforms-649-field_2-container\" class=\"wpforms-field wpforms-field-email\" data-field-id=\"2\"><label class=\"wpforms-field-label\" for=\"wpforms-649-field_2\">Adres e-mail <span class=\"wpforms-required-label\" aria-hidden=\"true\">*<\/span><\/label><input type=\"email\" id=\"wpforms-649-field_2\" class=\"wpforms-field-large wpforms-field-required\" name=\"wpforms[fields][2]\" placeholder=\"Adres e-mail\" spellcheck=\"false\" aria-errormessage=\"wpforms-649-field_2-error\" required><\/div><div id=\"wpforms-649-field_4-container\" class=\"wpforms-field wpforms-field-number\" data-field-id=\"4\"><label class=\"wpforms-field-label\" for=\"wpforms-649-field_4\">Numer telefonu<\/label><input type=\"number\" id=\"wpforms-649-field_4\" class=\"wpforms-field-large\" name=\"wpforms[fields][4]\" placeholder=\"Podaj numer telefonu\" step=\"any\" aria-errormessage=\"wpforms-649-field_4-error\" ><\/div><div id=\"wpforms-649-field_3-container\" class=\"wpforms-field wpforms-field-textarea\" data-field-id=\"3\"><label class=\"wpforms-field-label\" for=\"wpforms-649-field_3\">Opisz sw\u00f3j transport<\/label><textarea id=\"wpforms-649-field_3\" class=\"wpforms-field-medium\" name=\"wpforms[fields][3]\" aria-errormessage=\"wpforms-649-field_3-error\" ><\/textarea><\/div><\/div><!-- .wpforms-field-container --><div class=\"wpforms-submit-container\" ><input type=\"hidden\" name=\"wpforms[id]\" value=\"649\"><input type=\"hidden\" name=\"page_title\" value=\"\"><input type=\"hidden\" name=\"page_url\" value=\"https:\/\/globman.pl\/index.php?rest_route=\/wp\/v2\/pages\/31\"><input type=\"hidden\" name=\"url_referer\" value=\"\"><button type=\"submit\" name=\"wpforms[submit]\" id=\"wpforms-submit-649\" class=\"wpforms-submit\" data-alt-text=\"Wysy\u0142anie...\" data-submit-text=\"Prze\u015blij\" aria-live=\"assertive\" value=\"wpforms-submit\">Prze\u015blij<\/button><img decoding=\"async\" src=\"https:\/\/globman.pl\/wp-content\/plugins\/wpforms-lite\/assets\/images\/submit-spin.svg\" class=\"wpforms-submit-spinner\" style=\"display: none;\" width=\"26\" height=\"26\" alt=\"Wczytywanie\"><\/div><\/form><\/div>  <!-- .wpforms-container -->\t<\/div>\n\t\t\t\t\t\t<\/div>\n\t\t\t\t<\/div>\n\t\t\t\t<div class=\"elementor-element elementor-element-ce1fa2e elementor-widget elementor-widget-html\" data-id=\"ce1fa2e\" data-element_type=\"widget\" data-widget_type=\"html.default\">\n\t\t\t\t<div class=\"elementor-widget-container\">\n\t\t\t\t\t<form action=\"https:\/\/getform.io\/f\/anlqpzqa\" method=\"POST\">\r\n  <!-- Ukryty e-mail docelowy -->\r\n  <input type=\"hidden\" name=\"_to\" value=\"matlaszek@enbra.pl\">\r\n\r\n  <style>\r\n    .kontakt-formularz {\r\n      display: flex;\r\n      flex-direction: column;\r\n      gap: 15px;\r\n      max-width: 600px;\r\n    }\r\n\r\n    .kontakt-row {\r\n      display: flex;\r\n      gap: 10px;\r\n      flex-wrap: wrap;\r\n    }\r\n\r\n    .kontakt-formularz input,\r\n    .kontakt-formularz textarea {\r\n      width: 100%;\r\n      padding: 10px;\r\n      border: 1px solid #ccc;\r\n      border-radius: 6px;\r\n      font-size: 1rem;\r\n    }\r\n\r\n    .kontakt-formularz label {\r\n      font-weight: 600;\r\n      margin-bottom: 5px;\r\n      display: block;\r\n    }\r\n\r\n    .kontakt-button {\r\n      background-color: #0073aa;\r\n      color: white;\r\n      padding: 10px 20px;\r\n      font-size: 1rem;\r\n      border: none;\r\n      border-radius: 4px;\r\n      cursor: pointer;\r\n      width: fit-content;\r\n    }\r\n\r\n    .kontakt-button:hover {\r\n      background-color: #005f8d;\r\n    }\r\n\r\n    .p50 {\r\n      flex: 1;\r\n      min-width: 45%;\r\n    }\r\n  <\/style>\r\n\r\n  <div class=\"kontakt-formularz\">\r\n    <div>\r\n      <label>Imi\u0119 i nazwisko<\/label>\r\n      <div class=\"kontakt-row\">\r\n        <input class=\"p50\" type=\"text\" name=\"imie\" placeholder=\"Imi\u0119\" required>\r\n        <input class=\"p50\" type=\"text\" name=\"nazwisko\" placeholder=\"Nazwisko\">\r\n      <\/div>\r\n    <\/div>\r\n\r\n    <div>\r\n      <label for=\"email\">Adres e-mail *<\/label>\r\n      <input type=\"email\" name=\"email\" id=\"email\" placeholder=\"Adres e-mail\" required>\r\n    <\/div>\r\n\r\n    <div>\r\n      <label for=\"telefon\">Numer telefonu<\/label>\r\n      <input type=\"tel\" name=\"telefon\" id=\"telefon\" placeholder=\"Podaj numer telefonu\">\r\n    <\/div>\r\n\r\n    <div>\r\n      <label for=\"wiadomosc\">Opisz sw\u00f3j transport<\/label>\r\n      <textarea name=\"wiadomosc\" id=\"wiadomosc\" rows=\"5\" placeholder=\"\" required><\/textarea>\r\n    <\/div>\r\n\r\n    <button type=\"submit\" class=\"kontakt-button\">Prze\u015blij<\/button>\r\n  <\/div>\r\n<\/form>\r\n\t\t\t\t<\/div>\n\t\t\t\t<\/div>\n\t\t\t\t<\/div>\n\t\t\t\t\t<\/div>\n\t\t\t\t<\/div>\n\t\t\t\t<\/div>\n\t\t","protected":false},"excerpt":{"rendered":"<p>KONTAKT Formularz kontaktowy GLOBMAN Pawe\u0142 Skorupa Warszawska 7 32-086 W\u0119grzce NIP: PL9451444732 Kontakt e-mail: transport@globman.pl Imi\u0119 i nazwisko Adres e-mail * Numer telefonu Opisz sw\u00f3j transport Prze\u015blij<\/p>\n","protected":false},"author":2,"featured_media":0,"parent":0,"menu_order":0,"comment_status":"closed","ping_status":"closed","template":"","meta":{"_kadence_starter_templates_imported_post":false,"_kad_post_transparent":"","_kad_post_title":"hide","_kad_post_layout":"fullwidth","_kad_post_sidebar_id":"","_kad_post_content_style":"unboxed","_kad_post_vertical_padding":"hide","_kad_post_feature":"hide","_kad_post_feature_position":"","_kad_post_header":false,"_kad_post_footer":false,"footnotes":""},"class_list":["post-31","page","type-page","status-publish","hentry"],"_links":{"self":[{"href":"https:\/\/globman.pl\/index.php?rest_route=\/wp\/v2\/pages\/31","targetHints":{"allow":["GET"]}}],"collection":[{"href":"https:\/\/globman.pl\/index.php?rest_route=\/wp\/v2\/pages"}],"about":[{"href":"https:\/\/globman.pl\/index.php?rest_route=\/wp\/v2\/types\/page"}],"author":[{"embeddable":true,"href":"https:\/\/globman.pl\/index.php?rest_route=\/wp\/v2\/users\/2"}],"replies":[{"embeddable":true,"href":"https:\/\/globman.pl\/index.php?rest_route=%2Fwp%2Fv2%2Fcomments&post=31"}],"version-history":[{"count":58,"href":"https:\/\/globman.pl\/index.php?rest_route=\/wp\/v2\/pages\/31\/revisions"}],"predecessor-version":[{"id":741,"href":"https:\/\/globman.pl\/index.php?rest_route=\/wp\/v2\/pages\/31\/revisions\/741"}],"wp:attachment":[{"href":"https:\/\/globman.pl\/index.php?rest_route=%2Fwp%2Fv2%2Fmedia&parent=31"}],"curies":[{"name":"wp","href":"https:\/\/api.w.org\/{rel}","templated":true}]}}