{"id":21,"date":"2024-06-02T10:22:34","date_gmt":"2024-06-02T10:22:34","guid":{"rendered":"http:\/\/globman.hostingasp.pl\/?page_id=21"},"modified":"2025-04-01T15:47:20","modified_gmt":"2025-04-01T15:47:20","slug":"oferta","status":"publish","type":"page","link":"https:\/\/globman.pl\/?page_id=21","title":{"rendered":"Oferta"},"content":{"rendered":"\t\t<div data-elementor-type=\"wp-page\" data-elementor-id=\"21\" class=\"elementor elementor-21\">\n\t\t\t\t<div class=\"elementor-element elementor-element-63889b15 e-flex e-con-boxed e-con e-parent\" data-id=\"63889b15\" data-element_type=\"container\" data-settings=\"{&quot;background_background&quot;:&quot;classic&quot;}\">\n\t\t\t\t\t<div class=\"e-con-inner\">\n\t\t\t\t<div class=\"elementor-element elementor-element-7e5c0229 animated-slow elementor-invisible elementor-widget elementor-widget-heading\" data-id=\"7e5c0229\" data-element_type=\"widget\" data-settings=\"{&quot;_animation&quot;:&quot;fadeIn&quot;,&quot;_animation_delay&quot;:200}\" data-widget_type=\"heading.default\">\n\t\t\t\t<div class=\"elementor-widget-container\">\n\t\t\t\t\t<h2 class=\"elementor-heading-title elementor-size-default\">OFERTA<\/h2>\t\t\t\t<\/div>\n\t\t\t\t<\/div>\n\t\t\t\t\t<\/div>\n\t\t\t\t<\/div>\n\t\t<div class=\"elementor-element elementor-element-62d509f e-flex e-con-boxed e-con e-parent\" data-id=\"62d509f\" data-element_type=\"container\">\n\t\t\t\t\t<div class=\"e-con-inner\">\n\t\t<div class=\"elementor-element elementor-element-d25c81c e-flex e-con-boxed e-con e-child\" data-id=\"d25c81c\" data-element_type=\"container\">\n\t\t\t\t\t<div class=\"e-con-inner\">\n\t\t\t\t<div class=\"elementor-element elementor-element-af177b1 elementor-widget elementor-widget-heading\" data-id=\"af177b1\" data-element_type=\"widget\" data-widget_type=\"heading.default\">\n\t\t\t\t<div class=\"elementor-widget-container\">\n\t\t\t\t\t<h2 class=\"elementor-heading-title elementor-size-default\">Nasze us\u0142ugi<\/h2>\t\t\t\t<\/div>\n\t\t\t\t<\/div>\n\t\t\t\t<div class=\"elementor-element elementor-element-398be22 elementor-widget-divider--view-line elementor-widget elementor-widget-divider\" data-id=\"398be22\" data-element_type=\"widget\" data-widget_type=\"divider.default\">\n\t\t\t\t<div class=\"elementor-widget-container\">\n\t\t\t\t\t\t\t<div class=\"elementor-divider\">\n\t\t\t<span class=\"elementor-divider-separator\">\n\t\t\t\t\t\t<\/span>\n\t\t<\/div>\n\t\t\t\t\t\t<\/div>\n\t\t\t\t<\/div>\n\t\t\t\t\t<\/div>\n\t\t\t\t<\/div>\n\t\t\t\t\t<\/div>\n\t\t\t\t<\/div>\n\t\t<div class=\"elementor-element elementor-element-212126f e-flex e-con-boxed e-con e-parent\" data-id=\"212126f\" data-element_type=\"container\" data-settings=\"{&quot;background_background&quot;:&quot;classic&quot;}\">\n\t\t\t\t\t<div class=\"e-con-inner\">\n\t\t<div class=\"elementor-element elementor-element-53298ee e-flex e-con-boxed e-con e-child\" data-id=\"53298ee\" data-element_type=\"container\" data-settings=\"{&quot;background_background&quot;:&quot;classic&quot;}\">\n\t\t\t\t\t<div class=\"e-con-inner\">\n\t\t\t\t<div class=\"elementor-element elementor-element-d8891d5 elementor-invisible elementor-widget elementor-widget-image\" data-id=\"d8891d5\" data-element_type=\"widget\" data-settings=\"{&quot;_animation&quot;:&quot;fadeInLeft&quot;}\" data-widget_type=\"image.default\">\n\t\t\t\t<div class=\"elementor-widget-container\">\n\t\t\t\t\t\t\t\t\t\t\t\t\t\t\t<img fetchpriority=\"high\" decoding=\"async\" width=\"400\" height=\"400\" src=\"https:\/\/globman.pl\/wp-content\/uploads\/2024\/06\/trans-kraj.webp\" class=\"attachment-large size-large wp-image-203\" alt=\"\" srcset=\"https:\/\/globman.pl\/wp-content\/uploads\/2024\/06\/trans-kraj.webp 400w, https:\/\/globman.pl\/wp-content\/uploads\/2024\/06\/trans-kraj-300x300.webp 300w, https:\/\/globman.pl\/wp-content\/uploads\/2024\/06\/trans-kraj-150x150.webp 150w\" sizes=\"(max-width: 400px) 100vw, 400px\" \/>\t\t\t\t\t\t\t\t\t\t\t\t\t\t\t<\/div>\n\t\t\t\t<\/div>\n\t\t\t\t\t<\/div>\n\t\t\t\t<\/div>\n\t\t<div class=\"elementor-element elementor-element-b90d1c6 e-flex e-con-boxed e-con e-child\" data-id=\"b90d1c6\" data-element_type=\"container\" data-settings=\"{&quot;background_background&quot;:&quot;classic&quot;}\">\n\t\t\t\t\t<div class=\"e-con-inner\">\n\t\t\t\t<div class=\"elementor-element elementor-element-fb2ca33 elementor-invisible elementor-widget elementor-widget-heading\" data-id=\"fb2ca33\" data-element_type=\"widget\" data-settings=\"{&quot;_animation&quot;:&quot;fadeInRight&quot;}\" data-widget_type=\"heading.default\">\n\t\t\t\t<div class=\"elementor-widget-container\">\n\t\t\t\t\t<h2 class=\"elementor-heading-title elementor-size-default\">Transport Krajowy<\/h2>\t\t\t\t<\/div>\n\t\t\t\t<\/div>\n\t\t\t\t<div class=\"elementor-element elementor-element-4d0ec4b elementor-widget-divider--view-line elementor-invisible elementor-widget elementor-widget-divider\" data-id=\"4d0ec4b\" data-element_type=\"widget\" data-settings=\"{&quot;_animation&quot;:&quot;fadeInRight&quot;,&quot;_animation_delay&quot;:100}\" data-widget_type=\"divider.default\">\n\t\t\t\t<div class=\"elementor-widget-container\">\n\t\t\t\t\t\t\t<div class=\"elementor-divider\">\n\t\t\t<span class=\"elementor-divider-separator\">\n\t\t\t\t\t\t<\/span>\n\t\t<\/div>\n\t\t\t\t\t\t<\/div>\n\t\t\t\t<\/div>\n\t\t\t\t<div class=\"elementor-element elementor-element-e3ce8d4 elementor-invisible elementor-widget elementor-widget-text-editor\" data-id=\"e3ce8d4\" data-element_type=\"widget\" data-settings=\"{&quot;_animation&quot;:&quot;fadeInRight&quot;,&quot;_animation_delay&quot;:200}\" data-widget_type=\"text-editor.default\">\n\t\t\t\t<div class=\"elementor-widget-container\">\n\t\t\t\t\t\t\t\t\t<p><span style=\"font-weight: 400;\">Transport krajowy firmy GLOBMAN to gwarancja terminowo\u015bci i bezpiecze\u0144stwa przewozu \u0142adunk\u00f3w na terenie ca\u0142ej Polski. Dzi\u0119ki nowoczesnej flocie i do\u015bwiadczonemu zespo\u0142owi, zapewniamy niezawodne rozwi\u0105zania logistyczne dostosowane do indywidualnych potrzeb naszych klient\u00f3w. <\/span><\/p>\t\t\t\t\t\t\t\t<\/div>\n\t\t\t\t<\/div>\n\t\t\t\t\t<\/div>\n\t\t\t\t<\/div>\n\t\t\t\t\t<\/div>\n\t\t\t\t<\/div>\n\t\t<div class=\"elementor-element elementor-element-3324a49 e-flex e-con-boxed e-con e-parent\" data-id=\"3324a49\" data-element_type=\"container\" data-settings=\"{&quot;background_background&quot;:&quot;classic&quot;}\">\n\t\t\t\t\t<div class=\"e-con-inner\">\n\t\t<div class=\"elementor-element elementor-element-b2603f6 e-flex e-con-boxed e-con e-child\" data-id=\"b2603f6\" data-element_type=\"container\" data-settings=\"{&quot;background_background&quot;:&quot;classic&quot;}\">\n\t\t\t\t\t<div class=\"e-con-inner\">\n\t\t\t\t<div class=\"elementor-element elementor-element-b241dae elementor-invisible elementor-widget elementor-widget-heading\" data-id=\"b241dae\" data-element_type=\"widget\" data-settings=\"{&quot;_animation&quot;:&quot;fadeInLeft&quot;}\" data-widget_type=\"heading.default\">\n\t\t\t\t<div class=\"elementor-widget-container\">\n\t\t\t\t\t<h2 class=\"elementor-heading-title elementor-size-default\">Transport Mi\u0119dzynarodowy<\/h2>\t\t\t\t<\/div>\n\t\t\t\t<\/div>\n\t\t\t\t<div class=\"elementor-element elementor-element-9400505 elementor-widget-divider--view-line elementor-invisible elementor-widget elementor-widget-divider\" data-id=\"9400505\" data-element_type=\"widget\" data-settings=\"{&quot;_animation&quot;:&quot;fadeInLeft&quot;,&quot;_animation_delay&quot;:100}\" data-widget_type=\"divider.default\">\n\t\t\t\t<div class=\"elementor-widget-container\">\n\t\t\t\t\t\t\t<div class=\"elementor-divider\">\n\t\t\t<span class=\"elementor-divider-separator\">\n\t\t\t\t\t\t<\/span>\n\t\t<\/div>\n\t\t\t\t\t\t<\/div>\n\t\t\t\t<\/div>\n\t\t\t\t<div class=\"elementor-element elementor-element-d401f7a elementor-invisible elementor-widget elementor-widget-text-editor\" data-id=\"d401f7a\" data-element_type=\"widget\" data-settings=\"{&quot;_animation&quot;:&quot;fadeInLeft&quot;,&quot;_animation_delay&quot;:200}\" data-widget_type=\"text-editor.default\">\n\t\t\t\t<div class=\"elementor-widget-container\">\n\t\t\t\t\t\t\t\t\tJeste\u015bmy niezawodnym partnerem w mi\u0119dzynarodowym transporcie, oferuj\u0105cy us\u0142ugi w zakresie przewozu na terenie Unii Europejskiej, jak i poza ni\u0105.\u00a0Specjalizujemy si\u0119 w transporcie \u0142adunk\u00f3w klienta na wystawy i targi mi\u0119dzynarodowe\u00a0Zapewniamy fachowe doradztwo i wsparcie na ka\u017cdym etapie realizacji zlecenia, od pierwszego kontaktu, przez planowanie i realizacj\u0119 transportu, a\u017c po ko\u0144cow\u0105 dostaw\u0119. Wybieraj\u0105c nas, masz pewno\u015b\u0107 profesjonalnej obs\u0142ugi i dba\u0142o\u015bci o bezpiecze\u0144stwo towar\u00f3w.\t\t\t\t\t\t\t\t<\/div>\n\t\t\t\t<\/div>\n\t\t\t\t\t<\/div>\n\t\t\t\t<\/div>\n\t\t<div class=\"elementor-element elementor-element-7115bc9 e-flex e-con-boxed e-con e-child\" data-id=\"7115bc9\" data-element_type=\"container\" data-settings=\"{&quot;background_background&quot;:&quot;classic&quot;}\">\n\t\t\t\t\t<div class=\"e-con-inner\">\n\t\t\t\t<div class=\"elementor-element elementor-element-7657f46 elementor-invisible elementor-widget elementor-widget-image\" data-id=\"7657f46\" data-element_type=\"widget\" data-settings=\"{&quot;_animation&quot;:&quot;fadeInRight&quot;}\" data-widget_type=\"image.default\">\n\t\t\t\t<div class=\"elementor-widget-container\">\n\t\t\t\t\t\t\t\t\t\t\t\t\t\t\t<img decoding=\"async\" width=\"400\" height=\"400\" src=\"https:\/\/globman.pl\/wp-content\/uploads\/2024\/06\/europa-globman.png\" class=\"attachment-large size-large wp-image-288\" alt=\"\" srcset=\"https:\/\/globman.pl\/wp-content\/uploads\/2024\/06\/europa-globman.png 400w, https:\/\/globman.pl\/wp-content\/uploads\/2024\/06\/europa-globman-300x300.png 300w, https:\/\/globman.pl\/wp-content\/uploads\/2024\/06\/europa-globman-150x150.png 150w\" sizes=\"(max-width: 400px) 100vw, 400px\" \/>\t\t\t\t\t\t\t\t\t\t\t\t\t\t\t<\/div>\n\t\t\t\t<\/div>\n\t\t\t\t\t<\/div>\n\t\t\t\t<\/div>\n\t\t\t\t\t<\/div>\n\t\t\t\t<\/div>\n\t\t<div class=\"elementor-element elementor-element-7be9668 e-flex e-con-boxed e-con e-parent\" data-id=\"7be9668\" data-element_type=\"container\" data-settings=\"{&quot;background_background&quot;:&quot;classic&quot;}\">\n\t\t\t\t\t<div class=\"e-con-inner\">\n\t\t<div class=\"elementor-element elementor-element-b6aaf18 e-flex e-con-boxed e-con e-child\" data-id=\"b6aaf18\" data-element_type=\"container\" data-settings=\"{&quot;background_background&quot;:&quot;classic&quot;}\">\n\t\t\t\t\t<div class=\"e-con-inner\">\n\t\t\t\t<div class=\"elementor-element elementor-element-7740ece elementor-invisible elementor-widget elementor-widget-image\" data-id=\"7740ece\" data-element_type=\"widget\" data-settings=\"{&quot;_animation&quot;:&quot;fadeInLeft&quot;}\" data-widget_type=\"image.default\">\n\t\t\t\t<div class=\"elementor-widget-container\">\n\t\t\t\t\t\t\t\t\t\t\t\t\t\t\t<img decoding=\"async\" width=\"400\" height=\"400\" src=\"https:\/\/globman.pl\/wp-content\/uploads\/2025\/02\/Drobnica.png\" class=\"attachment-large size-large wp-image-614\" alt=\"\" srcset=\"https:\/\/globman.pl\/wp-content\/uploads\/2025\/02\/Drobnica.png 400w, https:\/\/globman.pl\/wp-content\/uploads\/2025\/02\/Drobnica-300x300.png 300w, https:\/\/globman.pl\/wp-content\/uploads\/2025\/02\/Drobnica-150x150.png 150w\" sizes=\"(max-width: 400px) 100vw, 400px\" \/>\t\t\t\t\t\t\t\t\t\t\t\t\t\t\t<\/div>\n\t\t\t\t<\/div>\n\t\t\t\t\t<\/div>\n\t\t\t\t<\/div>\n\t\t<div class=\"elementor-element elementor-element-72dde21 e-flex e-con-boxed e-con e-child\" data-id=\"72dde21\" data-element_type=\"container\" data-settings=\"{&quot;background_background&quot;:&quot;classic&quot;}\">\n\t\t\t\t\t<div class=\"e-con-inner\">\n\t\t\t\t<div class=\"elementor-element elementor-element-c322bf9 elementor-invisible elementor-widget elementor-widget-heading\" data-id=\"c322bf9\" data-element_type=\"widget\" data-settings=\"{&quot;_animation&quot;:&quot;fadeInRight&quot;}\" data-widget_type=\"heading.default\">\n\t\t\t\t<div class=\"elementor-widget-container\">\n\t\t\t\t\t<h2 class=\"elementor-heading-title elementor-size-default\">Przew\u00f3z \u0142adunk\u00f3w drobnicowych<\/h2>\t\t\t\t<\/div>\n\t\t\t\t<\/div>\n\t\t\t\t<div class=\"elementor-element elementor-element-f3b5fe8 elementor-widget-divider--view-line elementor-invisible elementor-widget elementor-widget-divider\" data-id=\"f3b5fe8\" data-element_type=\"widget\" data-settings=\"{&quot;_animation&quot;:&quot;fadeInRight&quot;,&quot;_animation_delay&quot;:100}\" data-widget_type=\"divider.default\">\n\t\t\t\t<div class=\"elementor-widget-container\">\n\t\t\t\t\t\t\t<div class=\"elementor-divider\">\n\t\t\t<span class=\"elementor-divider-separator\">\n\t\t\t\t\t\t<\/span>\n\t\t<\/div>\n\t\t\t\t\t\t<\/div>\n\t\t\t\t<\/div>\n\t\t\t\t<div class=\"elementor-element elementor-element-b036080 elementor-invisible elementor-widget elementor-widget-text-editor\" data-id=\"b036080\" data-element_type=\"widget\" data-settings=\"{&quot;_animation&quot;:&quot;fadeInRight&quot;,&quot;_animation_delay&quot;:200}\" data-widget_type=\"text-editor.default\">\n\t\t\t\t<div class=\"elementor-widget-container\">\n\t\t\t\t\t\t\t\t\t<p><span style=\"font-weight: 400;\">Realizacja transportu \u0142adunk\u00f3w drobnicowych jest jednym z kluczowych kierunk\u00f3w naszej dzia\u0142alno\u015bci. Nasz zesp\u00f3\u0142 zajmuje si\u0119 planowaniem przewozu w spos\u00f3b umo\u017cliwiaj\u0105cy bezpieczn\u0105 i terminow\u0105 dostaw\u0119. Nasza wiedza i wieloletnie do\u015bwiadczenie pozwalaj\u0105 na wnikliw\u0105 analiz\u0119 w\u0142a\u015bciwo\u015bci danej przesy\u0142ki, co gwarantuje opracowanie planu przewozu tak, aby dostosowa\u0107 je do potrzeb klient\u00f3w i zachowa\u0107 wysoki poziom us\u0142ugi. <\/span><\/p>\t\t\t\t\t\t\t\t<\/div>\n\t\t\t\t<\/div>\n\t\t\t\t\t<\/div>\n\t\t\t\t<\/div>\n\t\t\t\t\t<\/div>\n\t\t\t\t<\/div>\n\t\t<div class=\"elementor-element elementor-element-dc8a137 e-flex e-con-boxed e-con e-parent\" data-id=\"dc8a137\" data-element_type=\"container\" data-settings=\"{&quot;background_background&quot;:&quot;classic&quot;}\">\n\t\t\t\t\t<div class=\"e-con-inner\">\n\t\t<div class=\"elementor-element elementor-element-90c40ef e-con-full e-flex e-con e-child\" data-id=\"90c40ef\" data-element_type=\"container\" data-settings=\"{&quot;background_background&quot;:&quot;classic&quot;}\">\n\t\t\t\t<div class=\"elementor-element elementor-element-61a213f elementor-invisible elementor-widget elementor-widget-heading\" data-id=\"61a213f\" data-element_type=\"widget\" data-settings=\"{&quot;_animation&quot;:&quot;fadeInRight&quot;}\" data-widget_type=\"heading.default\">\n\t\t\t\t<div class=\"elementor-widget-container\">\n\t\t\t\t\t<h2 class=\"elementor-heading-title elementor-size-default\">Logistyka<\/h2>\t\t\t\t<\/div>\n\t\t\t\t<\/div>\n\t\t\t\t<div class=\"elementor-element elementor-element-d051b84 elementor-widget-divider--view-line elementor-invisible elementor-widget elementor-widget-divider\" data-id=\"d051b84\" data-element_type=\"widget\" data-settings=\"{&quot;_animation&quot;:&quot;fadeInRight&quot;,&quot;_animation_delay&quot;:100}\" data-widget_type=\"divider.default\">\n\t\t\t\t<div class=\"elementor-widget-container\">\n\t\t\t\t\t\t\t<div class=\"elementor-divider\">\n\t\t\t<span class=\"elementor-divider-separator\">\n\t\t\t\t\t\t<\/span>\n\t\t<\/div>\n\t\t\t\t\t\t<\/div>\n\t\t\t\t<\/div>\n\t\t\t\t<div class=\"elementor-element elementor-element-462f0fe elementor-invisible elementor-widget elementor-widget-text-editor\" data-id=\"462f0fe\" data-element_type=\"widget\" data-settings=\"{&quot;_animation&quot;:&quot;fadeInRight&quot;,&quot;_animation_delay&quot;:200}\" data-widget_type=\"text-editor.default\">\n\t\t\t\t<div class=\"elementor-widget-container\">\n\t\t\t\t\t\t\t\t\t<p><span style=\"font-weight: 400;\">Oferujemy kompleksowe us\u0142ugi logistyczne, kt\u00f3re s\u0105 dostosowane do unikalnych potrzeb ka\u017cdego klienta. Nasz zesp\u00f3\u0142 dba o ka\u017cdy etap procesu logistycznego, gwarantuj\u0105c terminowo\u015b\u0107 i bezpiecze\u0144stwo dostaw. Stawiamy na niezawodno\u015b\u0107 i jako\u015b\u0107 obs\u0142ugi, aby sprosta\u0107 oczekiwaniom najbardziej wymagaj\u0105cych klient\u00f3w. Dzi\u0119ki nam mo\u017cesz by\u0107 pewien, \u017ce Twoje przesy\u0142ki s\u0105 w najlepszych r\u0119kach.<\/span><\/p>\t\t\t\t\t\t\t\t<\/div>\n\t\t\t\t<\/div>\n\t\t\t\t<\/div>\n\t\t<div class=\"elementor-element elementor-element-e79c1e2 e-con-full e-flex e-con e-child\" data-id=\"e79c1e2\" data-element_type=\"container\" data-settings=\"{&quot;background_background&quot;:&quot;classic&quot;}\">\n\t\t\t\t<div class=\"elementor-element elementor-element-0c45186 elementor-invisible elementor-widget elementor-widget-image\" data-id=\"0c45186\" data-element_type=\"widget\" data-settings=\"{&quot;_animation&quot;:&quot;fadeInLeft&quot;}\" data-widget_type=\"image.default\">\n\t\t\t\t<div class=\"elementor-widget-container\">\n\t\t\t\t\t\t\t\t\t\t\t\t\t\t\t<img loading=\"lazy\" decoding=\"async\" width=\"400\" height=\"400\" src=\"https:\/\/globman.pl\/wp-content\/uploads\/2024\/06\/spedycja2-globman.png\" class=\"attachment-large size-large wp-image-294\" alt=\"\" srcset=\"https:\/\/globman.pl\/wp-content\/uploads\/2024\/06\/spedycja2-globman.png 400w, https:\/\/globman.pl\/wp-content\/uploads\/2024\/06\/spedycja2-globman-300x300.png 300w, https:\/\/globman.pl\/wp-content\/uploads\/2024\/06\/spedycja2-globman-150x150.png 150w\" sizes=\"(max-width: 400px) 100vw, 400px\" \/>\t\t\t\t\t\t\t\t\t\t\t\t\t\t\t<\/div>\n\t\t\t\t<\/div>\n\t\t\t\t<\/div>\n\t\t\t\t\t<\/div>\n\t\t\t\t<\/div>\n\t\t<div class=\"elementor-element elementor-element-3f902dc e-flex e-con-boxed e-con e-parent\" data-id=\"3f902dc\" data-element_type=\"container\" data-settings=\"{&quot;background_background&quot;:&quot;classic&quot;}\">\n\t\t\t\t\t<div class=\"e-con-inner\">\n\t\t<div class=\"elementor-element elementor-element-78d7205 e-con-full e-flex e-con e-child\" data-id=\"78d7205\" data-element_type=\"container\" data-settings=\"{&quot;background_background&quot;:&quot;classic&quot;}\">\n\t\t\t\t<div class=\"elementor-element elementor-element-05f8f08 elementor-invisible elementor-widget elementor-widget-image\" data-id=\"05f8f08\" data-element_type=\"widget\" data-settings=\"{&quot;_animation&quot;:&quot;fadeInRight&quot;}\" data-widget_type=\"image.default\">\n\t\t\t\t<div class=\"elementor-widget-container\">\n\t\t\t\t\t\t\t\t\t\t\t\t\t\t\t<img loading=\"lazy\" decoding=\"async\" width=\"400\" height=\"400\" src=\"https:\/\/globman.pl\/wp-content\/uploads\/2024\/06\/logistyka-globman-1.png\" class=\"attachment-large size-large wp-image-291\" alt=\"\" srcset=\"https:\/\/globman.pl\/wp-content\/uploads\/2024\/06\/logistyka-globman-1.png 400w, https:\/\/globman.pl\/wp-content\/uploads\/2024\/06\/logistyka-globman-1-300x300.png 300w, https:\/\/globman.pl\/wp-content\/uploads\/2024\/06\/logistyka-globman-1-150x150.png 150w\" sizes=\"(max-width: 400px) 100vw, 400px\" \/>\t\t\t\t\t\t\t\t\t\t\t\t\t\t\t<\/div>\n\t\t\t\t<\/div>\n\t\t\t\t<\/div>\n\t\t<div class=\"elementor-element elementor-element-a1f041b e-con-full e-flex e-con e-child\" data-id=\"a1f041b\" data-element_type=\"container\" data-settings=\"{&quot;background_background&quot;:&quot;classic&quot;}\">\n\t\t\t\t<div class=\"elementor-element elementor-element-80415e4 elementor-invisible elementor-widget elementor-widget-heading\" data-id=\"80415e4\" data-element_type=\"widget\" data-settings=\"{&quot;_animation&quot;:&quot;fadeInLeft&quot;}\" data-widget_type=\"heading.default\">\n\t\t\t\t<div class=\"elementor-widget-container\">\n\t\t\t\t\t<h2 class=\"elementor-heading-title elementor-size-default\">Spedycja<\/h2>\t\t\t\t<\/div>\n\t\t\t\t<\/div>\n\t\t\t\t<div class=\"elementor-element elementor-element-5c00b9f elementor-widget-divider--view-line elementor-invisible elementor-widget elementor-widget-divider\" data-id=\"5c00b9f\" data-element_type=\"widget\" data-settings=\"{&quot;_animation&quot;:&quot;fadeInLeft&quot;,&quot;_animation_delay&quot;:100}\" data-widget_type=\"divider.default\">\n\t\t\t\t<div class=\"elementor-widget-container\">\n\t\t\t\t\t\t\t<div class=\"elementor-divider\">\n\t\t\t<span class=\"elementor-divider-separator\">\n\t\t\t\t\t\t<\/span>\n\t\t<\/div>\n\t\t\t\t\t\t<\/div>\n\t\t\t\t<\/div>\n\t\t\t\t<div class=\"elementor-element elementor-element-24eeb40 elementor-invisible elementor-widget elementor-widget-text-editor\" data-id=\"24eeb40\" data-element_type=\"widget\" data-settings=\"{&quot;_animation&quot;:&quot;fadeInLeft&quot;,&quot;_animation_delay&quot;:200}\" data-widget_type=\"text-editor.default\">\n\t\t\t\t<div class=\"elementor-widget-container\">\n\t\t\t\t\t\t\t\t\t<p><span style=\"font-weight: 400;\">Opr\u00f3cz w\u0142asnej floty pojazd\u00f3w, posiadamy r\u00f3wnie\u017c wielu zaufanych podwykonawc\u00f3w. Oferujemy najwy\u017cszy standard obs\u0142ugi klienta, zar\u00f3wno pod wzgl\u0119dem atrakcyjnych stawek jak i wysokiej jako\u015bci \u015bwiadczonych us\u0142ug transportowych. Nasz zesp\u00f3\u0142 cechuje zaanga\u017cowanie i bezproblemowy kontakt. Jeste\u015bmy do Pa\u0144stwa dyspozycji 24h na dob\u0119 7 dni w tygodniu.<\/span><\/p>\t\t\t\t\t\t\t\t<\/div>\n\t\t\t\t<\/div>\n\t\t\t\t<\/div>\n\t\t\t\t\t<\/div>\n\t\t\t\t<\/div>\n\t\t\t\t<\/div>\n\t\t","protected":false},"excerpt":{"rendered":"<p>OFERTA Nasze us\u0142ugi Transport Krajowy Transport krajowy firmy GLOBMAN to gwarancja terminowo\u015bci i bezpiecze\u0144stwa przewozu \u0142adunk\u00f3w na terenie ca\u0142ej Polski. Dzi\u0119ki nowoczesnej flocie i do\u015bwiadczonemu zespo\u0142owi, zapewniamy niezawodne rozwi\u0105zania logistyczne dostosowane do indywidualnych potrzeb naszych klient\u00f3w. Transport Mi\u0119dzynarodowy Jeste\u015bmy niezawodnym partnerem w mi\u0119dzynarodowym transporcie, oferuj\u0105cy us\u0142ugi w zakresie przewozu na terenie Unii Europejskiej, jak i&#8230;<\/p>\n","protected":false},"author":2,"featured_media":0,"parent":0,"menu_order":0,"comment_status":"closed","ping_status":"closed","template":"","meta":{"_kadence_starter_templates_imported_post":false,"_kad_post_transparent":"","_kad_post_title":"hide","_kad_post_layout":"fullwidth","_kad_post_sidebar_id":"","_kad_post_content_style":"unboxed","_kad_post_vertical_padding":"hide","_kad_post_feature":"hide","_kad_post_feature_position":"","_kad_post_header":false,"_kad_post_footer":false,"footnotes":""},"class_list":["post-21","page","type-page","status-publish","hentry"],"_links":{"self":[{"href":"https:\/\/globman.pl\/index.php?rest_route=\/wp\/v2\/pages\/21","targetHints":{"allow":["GET"]}}],"collection":[{"href":"https:\/\/globman.pl\/index.php?rest_route=\/wp\/v2\/pages"}],"about":[{"href":"https:\/\/globman.pl\/index.php?rest_route=\/wp\/v2\/types\/page"}],"author":[{"embeddable":true,"href":"https:\/\/globman.pl\/index.php?rest_route=\/wp\/v2\/users\/2"}],"replies":[{"embeddable":true,"href":"https:\/\/globman.pl\/index.php?rest_route=%2Fwp%2Fv2%2Fcomments&post=21"}],"version-history":[{"count":65,"href":"https:\/\/globman.pl\/index.php?rest_route=\/wp\/v2\/pages\/21\/revisions"}],"predecessor-version":[{"id":706,"href":"https:\/\/globman.pl\/index.php?rest_route=\/wp\/v2\/pages\/21\/revisions\/706"}],"wp:attachment":[{"href":"https:\/\/globman.pl\/index.php?rest_route=%2Fwp%2Fv2%2Fmedia&parent=21"}],"curies":[{"name":"wp","href":"https:\/\/api.w.org\/{rel}","templated":true}]}}