{"id":15,"date":"2024-06-02T10:21:06","date_gmt":"2024-06-02T10:21:06","guid":{"rendered":"http:\/\/globman.hostingasp.pl\/?page_id=15"},"modified":"2025-04-01T15:46:48","modified_gmt":"2025-04-01T15:46:48","slug":"o-firmie","status":"publish","type":"page","link":"https:\/\/globman.pl\/?page_id=15","title":{"rendered":"O firmie"},"content":{"rendered":"\t\t<div data-elementor-type=\"wp-page\" data-elementor-id=\"15\" class=\"elementor elementor-15\">\n\t\t\t\t<div class=\"elementor-element elementor-element-b92edf7 e-flex e-con-boxed e-con e-parent\" data-id=\"b92edf7\" data-element_type=\"container\" data-settings=\"{&quot;background_background&quot;:&quot;classic&quot;}\">\n\t\t\t\t\t<div class=\"e-con-inner\">\n\t\t\t\t<div class=\"elementor-element elementor-element-ec14c45 animated-slow elementor-invisible elementor-widget elementor-widget-heading\" data-id=\"ec14c45\" data-element_type=\"widget\" data-settings=\"{&quot;_animation&quot;:&quot;fadeIn&quot;,&quot;_animation_delay&quot;:200}\" data-widget_type=\"heading.default\">\n\t\t\t\t<div class=\"elementor-widget-container\">\n\t\t\t\t\t<h2 class=\"elementor-heading-title elementor-size-default\">O FIRMIE<\/h2>\t\t\t\t<\/div>\n\t\t\t\t<\/div>\n\t\t\t\t\t<\/div>\n\t\t\t\t<\/div>\n\t\t<div class=\"elementor-element elementor-element-821e08f e-flex e-con-boxed e-con e-parent\" data-id=\"821e08f\" data-element_type=\"container\">\n\t\t\t\t\t<div class=\"e-con-inner\">\n\t\t<div class=\"elementor-element elementor-element-8d816b7 e-flex e-con-boxed e-con e-child\" data-id=\"8d816b7\" data-element_type=\"container\">\n\t\t\t\t\t<div class=\"e-con-inner\">\n\t\t<div class=\"elementor-element elementor-element-d35059d e-grid e-con-boxed e-con e-child\" data-id=\"d35059d\" data-element_type=\"container\">\n\t\t\t\t\t<div class=\"e-con-inner\">\n\t\t\t\t<div class=\"elementor-element elementor-element-14619bd elementor-invisible elementor-widget elementor-widget-image\" data-id=\"14619bd\" data-element_type=\"widget\" data-settings=\"{&quot;_animation&quot;:&quot;fadeInLeft&quot;}\" data-widget_type=\"image.default\">\n\t\t\t\t<div class=\"elementor-widget-container\">\n\t\t\t\t\t\t\t\t\t\t\t\t\t\t\t<img fetchpriority=\"high\" decoding=\"async\" width=\"450\" height=\"600\" src=\"https:\/\/globman.pl\/wp-content\/uploads\/2024\/06\/onas1.webp\" class=\"attachment-large size-large wp-image-429\" alt=\"\" srcset=\"https:\/\/globman.pl\/wp-content\/uploads\/2024\/06\/onas1.webp 450w, https:\/\/globman.pl\/wp-content\/uploads\/2024\/06\/onas1-225x300.webp 225w\" sizes=\"(max-width: 450px) 100vw, 450px\" \/>\t\t\t\t\t\t\t\t\t\t\t\t\t\t\t<\/div>\n\t\t\t\t<\/div>\n\t\t\t\t\t<\/div>\n\t\t\t\t<\/div>\n\t\t\t\t\t<\/div>\n\t\t\t\t<\/div>\n\t\t<div class=\"elementor-element elementor-element-7d9dff0 e-flex e-con-boxed e-con e-child\" data-id=\"7d9dff0\" data-element_type=\"container\" data-settings=\"{&quot;background_background&quot;:&quot;classic&quot;}\">\n\t\t\t\t\t<div class=\"e-con-inner\">\n\t\t<div class=\"elementor-element elementor-element-601312a e-flex e-con-boxed e-con e-child\" data-id=\"601312a\" data-element_type=\"container\">\n\t\t\t\t\t<div class=\"e-con-inner\">\n\t\t\t\t<div class=\"elementor-element elementor-element-b38f8e2 elementor-invisible elementor-widget elementor-widget-heading\" data-id=\"b38f8e2\" data-element_type=\"widget\" data-settings=\"{&quot;_animation&quot;:&quot;fadeInRight&quot;}\" data-widget_type=\"heading.default\">\n\t\t\t\t<div class=\"elementor-widget-container\">\n\t\t\t\t\t<h2 class=\"elementor-heading-title elementor-size-default\">O nas<\/h2>\t\t\t\t<\/div>\n\t\t\t\t<\/div>\n\t\t\t\t\t<\/div>\n\t\t\t\t<\/div>\n\t\t<div class=\"elementor-element elementor-element-f33abae e-flex e-con-boxed e-con e-child\" data-id=\"f33abae\" data-element_type=\"container\">\n\t\t\t\t\t<div class=\"e-con-inner\">\n\t\t\t\t<div class=\"elementor-element elementor-element-35ca856 elementor-widget-divider--view-line elementor-invisible elementor-widget elementor-widget-divider\" data-id=\"35ca856\" data-element_type=\"widget\" data-settings=\"{&quot;_animation&quot;:&quot;fadeInRight&quot;,&quot;_animation_delay&quot;:100}\" data-widget_type=\"divider.default\">\n\t\t\t\t<div class=\"elementor-widget-container\">\n\t\t\t\t\t\t\t<div class=\"elementor-divider\">\n\t\t\t<span class=\"elementor-divider-separator\">\n\t\t\t\t\t\t<\/span>\n\t\t<\/div>\n\t\t\t\t\t\t<\/div>\n\t\t\t\t<\/div>\n\t\t\t\t\t<\/div>\n\t\t\t\t<\/div>\n\t\t<div class=\"elementor-element elementor-element-b25a466 e-flex e-con-boxed e-con e-child\" data-id=\"b25a466\" data-element_type=\"container\">\n\t\t\t\t\t<div class=\"e-con-inner\">\n\t\t\t\t<div class=\"elementor-element elementor-element-0cea247 elementor-invisible elementor-widget elementor-widget-text-editor\" data-id=\"0cea247\" data-element_type=\"widget\" data-settings=\"{&quot;_animation&quot;:&quot;fadeInRight&quot;,&quot;_animation_delay&quot;:300}\" data-widget_type=\"text-editor.default\">\n\t\t\t\t<div class=\"elementor-widget-container\">\n\t\t\t\t\t\t\t\t\t<p><b>Firma GLOBMAN Pawe\u0142 Skorupa<\/b><span style=\"font-weight: 400;\"> dzia\u0142a na rynku od 1997 roku. Specjalizujemy si\u0119 w transporcie drogowym na terenie ca\u0142ego kraju i Europy oraz w spedycji krajowej i mi\u0119dzynarodowej. Posiadamy r\u00f3wnie\u017c wieloletnie do\u015bwiadczenie w transporcie towar\u00f3w lotniczych droga l\u0105dow\u0105 oraz w organizacji przesy\u0142ek ekspresowych.<\/span><\/p><p><span style=\"background-color: transparent; color: var(--global-palette4); font-family: var(--global-body-font-family);\">Nasza firma posiada r\u00f3wnie\u017c niezb\u0119dne certyfikaty i licencje, aby zapewni\u0107 legalny i bezpieczny transport Pa\u0144stwa towar\u00f3w.<\/span><\/p>\t\t\t\t\t\t\t\t<\/div>\n\t\t\t\t<\/div>\n\t\t\t\t<div class=\"elementor-element elementor-element-0cc4683 elementor-invisible elementor-widget elementor-widget-text-editor\" data-id=\"0cc4683\" data-element_type=\"widget\" data-settings=\"{&quot;_animation&quot;:&quot;fadeInRight&quot;,&quot;_animation_delay&quot;:200}\" data-widget_type=\"text-editor.default\">\n\t\t\t\t<div class=\"elementor-widget-container\">\n\t\t\t\t\t\t\t\t\t<p><b>GLOBMAN to synonim najwy\u017cszego standardu obs\u0142ugi klienta.<\/b><span style=\"font-weight: 400;\"> Dbamy o bezproblemowy kontakt, rzetelne wyceny i najwy\u017csz\u0105 jako\u015b\u0107 \u015bwiadczonych us\u0142ug transportowych. Dla ka\u017cdego klienta przygotowujemy indywidualn\u0105 ofert\u0119, dopasowan\u0105 do jego potrzeb. Indywidualne podej\u015bcie i profesjonalizm to nasze priorytety, dzi\u0119ki kt\u00f3rym mo\u017cemy zapewni\u0107 Pa\u0144stwu pe\u0142n\u0105 satysfakcj\u0119 z naszych us\u0142ug.<\/span><\/p>\t\t\t\t\t\t\t\t<\/div>\n\t\t\t\t<\/div>\n\t\t\t\t\t<\/div>\n\t\t\t\t<\/div>\n\t\t\t\t\t<\/div>\n\t\t\t\t<\/div>\n\t\t\t\t\t<\/div>\n\t\t\t\t<\/div>\n\t\t<div class=\"elementor-element elementor-element-944c172 animated-slow e-flex e-con-boxed elementor-invisible e-con e-parent\" data-id=\"944c172\" data-element_type=\"container\" data-settings=\"{&quot;background_background&quot;:&quot;classic&quot;,&quot;animation&quot;:&quot;fadeIn&quot;,&quot;animation_delay&quot;:300}\">\n\t\t\t\t\t<div class=\"e-con-inner\">\n\t\t<div class=\"elementor-element elementor-element-66c298d e-flex e-con-boxed e-con e-child\" data-id=\"66c298d\" data-element_type=\"container\">\n\t\t\t\t\t<div class=\"e-con-inner\">\n\t\t\t\t<div class=\"elementor-element elementor-element-0d410fc elementor-widget elementor-widget-text-editor\" data-id=\"0d410fc\" data-element_type=\"widget\" data-widget_type=\"text-editor.default\">\n\t\t\t\t<div class=\"elementor-widget-container\">\n\t\t\t\t\t\t\t\t\t<p><strong>W naszej firmie zawsze szukamy najprostszych rozwi\u0105za\u0144, poniewa\u017c one gwarantuj\u0105 rzetelne i solidne wykonanie us\u0142ugi.<\/strong><\/p>\t\t\t\t\t\t\t\t<\/div>\n\t\t\t\t<\/div>\n\t\t<div class=\"elementor-element elementor-element-934e8f1 e-con-full e-flex e-con e-child\" data-id=\"934e8f1\" data-element_type=\"container\">\n\t\t<div class=\"elementor-element elementor-element-b417294 e-flex e-con-boxed e-con e-child\" data-id=\"b417294\" data-element_type=\"container\">\n\t\t\t\t\t<div class=\"e-con-inner\">\n\t\t\t\t<div class=\"elementor-element elementor-element-4244b1e elementor-widget elementor-widget-text-editor\" data-id=\"4244b1e\" data-element_type=\"widget\" data-widget_type=\"text-editor.default\">\n\t\t\t\t<div class=\"elementor-widget-container\">\n\t\t\t\t\t\t\t\t\t<ul><li>Transporty ekspresowe, FTL oraz LTL<\/li><li>Dyspozycyjno\u015b\u0107 7 dni w tygodniu 24h na dob\u0119<\/li><li>Polisa ubezpieczeniowa 500 ty\u015b. EUR<\/li><li>Obs\u0142uga port\u00f3w morskich i lotniczych \u2013 przew\u00f3z towar\u00f3w drog\u0105 l\u0105dow\u0105<\/li><li>Zr\u00f3\u017cnicowana flota<\/li><li>Przew\u00f3z towar\u00f3w ADR (towary niebezpieczne) i \u0142adunk\u00f3w ch\u0142odniczych w temperaturze kontrolowanej<\/li><\/ul>\t\t\t\t\t\t\t\t<\/div>\n\t\t\t\t<\/div>\n\t\t\t\t<div class=\"elementor-element elementor-element-3cf9de9 elementor-widget elementor-widget-text-editor\" data-id=\"3cf9de9\" data-element_type=\"widget\" data-widget_type=\"text-editor.default\">\n\t\t\t\t<div class=\"elementor-widget-container\">\n\t\t\t\t\t\t\t\t\t<p><strong><span class=\"citation-1\">Klienci s\u0105 dla nas najwa\u017cniejsi, dzi\u0119ki nim nasza firma pr\u0119\u017cnie si\u0119 rozwija.<\/span><\/strong><span class=\"citation-1 citation-end-1\"> Jeste\u015bmy zaufanym partnerem, zapewniaj\u0105cym<\/span> profesjonaln\u0105 obs\u0142ug\u0119.<\/p>\t\t\t\t\t\t\t\t<\/div>\n\t\t\t\t<\/div>\n\t\t\t\t\t<\/div>\n\t\t\t\t<\/div>\n\t\t<div class=\"elementor-element elementor-element-b16ba96 elementor-hidden-mobile e-flex e-con-boxed e-con e-child\" data-id=\"b16ba96\" data-element_type=\"container\" data-settings=\"{&quot;background_background&quot;:&quot;classic&quot;}\">\n\t\t\t\t\t<div class=\"e-con-inner\">\n\t\t\t\t\t<\/div>\n\t\t\t\t<\/div>\n\t\t\t\t<\/div>\n\t\t\t\t\t<\/div>\n\t\t\t\t<\/div>\n\t\t\t\t\t<\/div>\n\t\t\t\t<\/div>\n\t\t\t\t<\/div>\n\t\t","protected":false},"excerpt":{"rendered":"<p>O FIRMIE O nas Firma GLOBMAN Pawe\u0142 Skorupa dzia\u0142a na rynku od 1997 roku. Specjalizujemy si\u0119 w transporcie drogowym na terenie ca\u0142ego kraju i Europy oraz w spedycji krajowej i mi\u0119dzynarodowej. Posiadamy r\u00f3wnie\u017c wieloletnie do\u015bwiadczenie w transporcie towar\u00f3w lotniczych droga l\u0105dow\u0105 oraz w organizacji przesy\u0142ek ekspresowych. Nasza firma posiada r\u00f3wnie\u017c niezb\u0119dne certyfikaty i licencje, aby&#8230;<\/p>\n","protected":false},"author":2,"featured_media":0,"parent":0,"menu_order":0,"comment_status":"closed","ping_status":"closed","template":"","meta":{"_kadence_starter_templates_imported_post":false,"_kad_post_transparent":"","_kad_post_title":"hide","_kad_post_layout":"fullwidth","_kad_post_sidebar_id":"","_kad_post_content_style":"unboxed","_kad_post_vertical_padding":"hide","_kad_post_feature":"hide","_kad_post_feature_position":"","_kad_post_header":false,"_kad_post_footer":false,"footnotes":""},"class_list":["post-15","page","type-page","status-publish","hentry"],"_links":{"self":[{"href":"https:\/\/globman.pl\/index.php?rest_route=\/wp\/v2\/pages\/15","targetHints":{"allow":["GET"]}}],"collection":[{"href":"https:\/\/globman.pl\/index.php?rest_route=\/wp\/v2\/pages"}],"about":[{"href":"https:\/\/globman.pl\/index.php?rest_route=\/wp\/v2\/types\/page"}],"author":[{"embeddable":true,"href":"https:\/\/globman.pl\/index.php?rest_route=\/wp\/v2\/users\/2"}],"replies":[{"embeddable":true,"href":"https:\/\/globman.pl\/index.php?rest_route=%2Fwp%2Fv2%2Fcomments&post=15"}],"version-history":[{"count":95,"href":"https:\/\/globman.pl\/index.php?rest_route=\/wp\/v2\/pages\/15\/revisions"}],"predecessor-version":[{"id":703,"href":"https:\/\/globman.pl\/index.php?rest_route=\/wp\/v2\/pages\/15\/revisions\/703"}],"wp:attachment":[{"href":"https:\/\/globman.pl\/index.php?rest_route=%2Fwp%2Fv2%2Fmedia&parent=15"}],"curies":[{"name":"wp","href":"https:\/\/api.w.org\/{rel}","templated":true}]}}